{"id":549,"date":"2018-04-04T16:22:21","date_gmt":"2018-04-04T14:22:21","guid":{"rendered":"https:\/\/www.campingleclos.com\/accueil2\/"},"modified":"2026-04-03T08:56:24","modified_gmt":"2026-04-03T06:56:24","slug":"accueil2","status":"publish","type":"page","link":"https:\/\/www.campingleclos.com\/en\/","title":{"rendered":"Home"},"content":{"rendered":"<p><div class=\"fusion-fullwidth fullwidth-box fusion-builder-row-1 nonhundred-percent-fullwidth non-hundred-percent-height-scrolling\"  style='background-color: rgba(255,255,255,0);background-position: center center;background-repeat: no-repeat;padding-top:0px;padding-right:0px;padding-bottom:15px;padding-left:0px;'><div class=\"fusion-builder-row fusion-row \"><div  class=\"fusion-layout-column fusion_builder_column fusion_builder_column_1_1 fusion-builder-column-0 fusion-one-full fusion-column-first fusion-column-last 1_1\"  style='margin-top:0px;margin-bottom:20px;'><div class=\"fusion-column-wrapper\" style=\"padding: 0px 0px 0px 0px;background-position:left top;background-repeat:no-repeat;-webkit-background-size:cover;-moz-background-size:cover;-o-background-size:cover;background-size:cover;\"   data-bg-url=\"\"><style type=\"text\/css\">@media only screen and (max-width:900px) {.fusion-title.fusion-title-1{margin-top:10px!important;margin-bottom:10px!important;}}<\/style><div class=\"fusion-title title fusion-title-1 fusion-sep-none fusion-title-center fusion-title-text fusion-title-size-one\" style=\"margin-top:0px;margin-bottom:31px;\"><h1 class=\"title-heading-center\" style=\"margin:0;\"><span class=\"nd\">Le Clos campsite <i class=\"fb-icon-element-1 fb-icon-element fontawesome-icon fa fa-star circle-no fusion-text-flow\" style=\"font-size:18px;margin-right:9px;\"><\/i><style>i.fontawesome-icon.fb-icon-element-1{ color: #ffffff;}i.fontawesome-icon.fb-icon-element-1:hover { color: #ffffff;}<\/style><i class=\"fb-icon-element-2 fb-icon-element fontawesome-icon fa fa-star circle-no fusion-text-flow\" style=\"font-size:18px;margin-right:9px;\"><\/i><style>i.fontawesome-icon.fb-icon-element-2{ color: #ffffff;}i.fontawesome-icon.fb-icon-element-2:hover { color: #ffffff;}<\/style><i class=\"fb-icon-element-3 fb-icon-element fontawesome-icon fa fa-star circle-no fusion-text-flow\" style=\"font-size:18px;margin-right:9px;\"><\/i><style>i.fontawesome-icon.fb-icon-element-3{ color: #ffffff;}i.fontawesome-icon.fb-icon-element-3:hover { color: #ffffff;}<\/style><\/span>\u00a0a mix of nature and relaxation with the family<\/h1><\/div><div class=\"fusion-clearfix\"><\/div><\/div><\/div><div id=\"edito\" class=\"fusion-layout-column fusion_builder_column fusion_builder_column_2_3 fusion-builder-column-1 fusion-two-third fusion-column-first 2_3\"  style='margin-top:0px;margin-bottom:20px;width:66.66%;width:calc(66.66% - ( ( 25px ) * 0.6666 ) );margin-right: 25px;'><div class=\"fusion-column-wrapper\" style=\"padding: 0px 0px 0px 0px;background-position:left top;background-repeat:no-repeat;-webkit-background-size:cover;-moz-background-size:cover;-o-background-size:cover;background-size:cover;\"   data-bg-url=\"\"><div class=\"fusion-text\"><p>We are pleased to welcome you here, your gateway to adventure!<\/p>\n<p>The Saint Ambroix campsite, located in the <strong>Gard<\/strong> department, close to Al\u00e8s, offers a Mediterranean climate between C\u00e9vennes and Ard\u00e8che.<\/p>\n<p>Take a break from stress and join us in a peaceful green setting by taking advantage of our <strong>promotions<\/strong> to <strong>book a pitch<\/strong> or <strong>rental<\/strong> oin a green park, in the calm of our pretty medieval town, surrounded by nature under nice shade trees.<\/p>\n<p>We offer you a mix of <strong>nature and relaxation with the family<\/strong> with a friendly welcome where adults and children will enjoy themselves, meet people or make friends.<\/p>\n<p>We will do our best to make your stay as pleasant as possible, you will enjoy our <strong>swimming pool<\/strong> under the warm sun and the sweet song of the cicadas.<\/p>\n<p>Looking forward to welcoming you.<\/p>\n<\/div><div class=\"fusion-clearfix\"><\/div><\/div><\/div><div  class=\"fusion-layout-column fusion_builder_column fusion_builder_column_1_3 fusion-builder-column-2 fusion-one-third fusion-column-last galerie 1_3\"  style='margin-top:0px;margin-bottom:20px;width:33.33%;width:calc(33.33% - ( ( 25px ) * 0.3333 ) );'><div class=\"fusion-column-wrapper\" style=\"padding: 0px 0px 0px 0px;background-position:left top;background-repeat:no-repeat;-webkit-background-size:cover;-moz-background-size:cover;-o-background-size:cover;background-size:cover;\"   data-bg-url=\"\"><div class=\"imageframe-align-center\"><span class=\"fusion-imageframe imageframe-none imageframe-1 hover-type-none\"><a href=\"https:\/\/www.campingleclos.com\/wp-content\/uploads\/saint-ambroix.jpg\" class=\"fusion-lightbox\" data-rel=\"iLightbox[accueil]\" data-title=\"Saint Ambroix\" title=\"Saint Ambroix\"><img loading=\"lazy\" decoding=\"async\" src=\"https:\/\/www.campingleclos.com\/wp-content\/uploads\/saint-ambroix-350x300.jpg\" width=\"350\" height=\"300\" alt=\"Saint Ambroix\" class=\"img-responsive wp-image-482\"\/><\/a><\/span><\/div><div class=\"imageframe-align-center\"><span class=\"fusion-imageframe imageframe-none imageframe-2 hover-type-none\"><a href=\"https:\/\/www.campingleclos.com\/wp-content\/uploads\/accueil-camping.jpg\" class=\"fusion-lightbox\" data-rel=\"iLightbox[accueil]\" data-title=\"The camp-site entrance\" title=\"The camp-site entrance\"><img loading=\"lazy\" decoding=\"async\" src=\"https:\/\/www.campingleclos.com\/wp-content\/uploads\/accueil-camping-350x300.jpg\" width=\"350\" height=\"300\" alt=\"The camp-site entrance\" class=\"img-responsive wp-image-485\"\/><\/a><\/span><\/div><div class=\"imageframe-align-center\"><span class=\"fusion-imageframe imageframe-none imageframe-3 hover-type-none\"><a href=\"https:\/\/www.campingleclos.com\/wp-content\/uploads\/ingrid-et-sebastien.jpg\" class=\"fusion-lightbox\" data-rel=\"iLightbox[accueil]\" data-title=\"ingrid-et-sebastien\" title=\"ingrid-et-sebastien\"><img loading=\"lazy\" decoding=\"async\" src=\"https:\/\/www.campingleclos.com\/wp-content\/uploads\/ingrid-et-sebastien-350x300.jpg\" width=\"350\" height=\"300\" alt=\"Ingrid et S\u00e9bastien\" class=\"img-responsive wp-image-1099\"\/><\/a><\/span><\/div><div class=\"imageframe-align-center\"><span class=\"fusion-imageframe imageframe-none imageframe-4 hover-type-none\"><a href=\"https:\/\/www.campingleclos.com\/wp-content\/uploads\/activites-piscine02.jpg\" class=\"fusion-lightbox\" data-rel=\"iLightbox[accueil]\" data-title=\"Camp-site activities \u2013 Swimming pool\" title=\"Camp-site activities \u2013 Swimming pool\"><img loading=\"lazy\" decoding=\"async\" src=\"https:\/\/www.campingleclos.com\/wp-content\/uploads\/activites-piscine02-350x300.jpg\" width=\"350\" height=\"300\" alt=\"Camp-site activities \u2013 Swimming pool\" class=\"img-responsive wp-image-671\"\/><\/a><\/span><\/div><div class=\"fusion-clearfix\"><\/div><\/div><\/div><div  class=\"fusion-layout-column fusion_builder_column fusion_builder_column_1_1 fusion-builder-column-3 fusion-one-full fusion-column-first fusion-column-last 1_1\"  style='margin-top:0px;margin-bottom:0px;'><div class=\"fusion-column-wrapper\" style=\"padding: 0px 0px 0px 0px;background-position:left top;background-repeat:no-repeat;-webkit-background-size:cover;-moz-background-size:cover;-o-background-size:cover;background-size:cover;\"   data-bg-url=\"\"><div class=\"fusion-text\"><p style=\"text-align: center; background: #fff; padding: 10px; color: #15b5de; border: 1px solid; font-size: 18px;\"><strong>The campsite welcomes you from 01\/05 to 30\/09<\/strong><\/p>\n<\/div><div class=\"fusion-clearfix\"><\/div><\/div><\/div><\/div><\/div><div class=\"fusion-fullwidth fullwidth-box fusion-builder-row-2 fusion-parallax-fixed nonhundred-percent-fullwidth non-hundred-percent-height-scrolling\"  style='background-color: rgba(255,255,255,0);background-image: url(\"https:\/\/www.campingleclos.com\/wp-content\/uploads\/cascades-sautadet-bernard-liegeois.jpg\");background-position: center center;background-repeat: no-repeat;padding-top:200px;padding-right:0px;padding-bottom:200px;padding-left:0px;-webkit-background-size:cover;-moz-background-size:cover;-o-background-size:cover;background-size:cover;background-attachment:fixed;'><div class=\"fusion-builder-row fusion-row \"><\/div><\/div><div class=\"fusion-fullwidth fullwidth-box fusion-builder-row-3 nonhundred-percent-fullwidth non-hundred-percent-height-scrolling\"  style='background-color: rgba(255,255,255,0);background-position: center center;background-repeat: no-repeat;padding-top:60px;padding-right:0px;padding-bottom:0px;padding-left:0px;'><div class=\"fusion-builder-row fusion-row \"><div  class=\"fusion-layout-column fusion_builder_column fusion_builder_column_1_3 fusion-builder-column-4 fusion-one-third fusion-column-first bloc-hebergement fusion-column-inner-bg-wrapper 1_3\"  style='margin-top:0px;margin-bottom:20px;width:33.33%;width:calc(33.33% - ( ( 4% + 4% ) * 0.3333 ) );margin-right: 4%;'><div class=\"fusion-column-wrapper\" style=\"padding: 0px 0px 0px 0px;\"  data-bg-url=\"\"><style type=\"text\/css\">@media only screen and (max-width:900px) {.fusion-title.fusion-title-2{margin-top:10px!important;margin-bottom:10px!important;}}<\/style><div class=\"fusion-title title fusion-title-2 fusion-sep-none fusion-title-center fusion-title-text fusion-title-size-two\" style=\"margin-top:0px;margin-bottom:31px;\"><h2 class=\"title-heading-center\" style=\"margin:0;\">Our Mobile Homes<\/h2><\/div><div class=\"imageframe-align-center\"><span class=\"fusion-imageframe imageframe-none imageframe-5 hover-type-none\"><img loading=\"lazy\" decoding=\"async\" src=\"https:\/\/www.campingleclos.com\/wp-content\/uploads\/accueil-mobil-home01.jpg\" width=\"570\" height=\"381\" alt=\"Nos Mobil-Homes\" title=\"accueil-mobil-home01\" class=\"img-responsive wp-image-827\" srcset=\"https:\/\/www.campingleclos.com\/wp-content\/uploads\/accueil-mobil-home01-200x134.jpg 200w, https:\/\/www.campingleclos.com\/wp-content\/uploads\/accueil-mobil-home01-400x267.jpg 400w, https:\/\/www.campingleclos.com\/wp-content\/uploads\/accueil-mobil-home01.jpg 570w\" sizes=\"auto, (max-width: 900px) 100vw, 400px\" \/><\/span><\/div><div class=\"fusion-text\"><p style=\"text-align: center;\">Our mobile homes for 4 to 6 people are equipped with a shower, a washbowl and a toilet, and a covered wood deck with a table and chairs.<\/p>\n<\/div><div class=\"fusion-clearfix\"><\/div><\/div><span class=\"fusion-column-inner-bg hover-type-none\" ><a href=\"\/en\/rental-units\/\" aria-label=\"\"><span class=\"fusion-column-inner-bg-image\"  style=\"background-position:left top;background-repeat:no-repeat;-webkit-background-size:cover;-moz-background-size:cover;-o-background-size:cover;background-size:cover;\"><\/span><\/a><\/span><\/div><div  class=\"fusion-layout-column fusion_builder_column fusion_builder_column_1_3 fusion-builder-column-5 fusion-one-third bloc-hebergement fusion-column-inner-bg-wrapper 1_3\"  style='margin-top:0px;margin-bottom:20px;width:33.33%;width:calc(33.33% - ( ( 4% + 4% ) * 0.3333 ) );margin-right: 4%;'><div class=\"fusion-column-wrapper\" style=\"padding: 0px 0px 0px 0px;\"  data-bg-url=\"\"><style type=\"text\/css\">@media only screen and (max-width:900px) {.fusion-title.fusion-title-3{margin-top:10px!important;margin-bottom:10px!important;}}<\/style><div class=\"fusion-title title fusion-title-3 fusion-sep-none fusion-title-center fusion-title-text fusion-title-size-two\" style=\"margin-top:0px;margin-bottom:31px;\"><h2 class=\"title-heading-center\" style=\"margin:0;\">Our Bungalows<\/h2><\/div><div class=\"imageframe-align-center\"><span class=\"fusion-imageframe imageframe-none imageframe-6 hover-type-none\"><img loading=\"lazy\" decoding=\"async\" src=\"https:\/\/www.campingleclos.com\/wp-content\/uploads\/accueil-bungalow-toile-01.jpg\" width=\"570\" height=\"381\" alt=\"The canvas bungalows\" title=\"The canvas bungalows\" class=\"img-responsive wp-image-923\" srcset=\"https:\/\/www.campingleclos.com\/wp-content\/uploads\/accueil-bungalow-toile-01-200x134.jpg 200w, https:\/\/www.campingleclos.com\/wp-content\/uploads\/accueil-bungalow-toile-01-400x267.jpg 400w, https:\/\/www.campingleclos.com\/wp-content\/uploads\/accueil-bungalow-toile-01.jpg 570w\" sizes=\"auto, (max-width: 900px) 100vw, 400px\" \/><\/span><\/div><div class=\"fusion-text\"><p style=\"text-align: center;\">The Canvas Bungalows without bathroom are equipped for 4 people with kitchen and 2 bedrooms.<\/p>\n<\/div><div class=\"fusion-clearfix\"><\/div><\/div><span class=\"fusion-column-inner-bg hover-type-none\" ><a href=\"\/en\/rental-units\/\" aria-label=\"\"><span class=\"fusion-column-inner-bg-image\"  style=\"background-position:left top;background-repeat:no-repeat;-webkit-background-size:cover;-moz-background-size:cover;-o-background-size:cover;background-size:cover;\"><\/span><\/a><\/span><\/div><div  class=\"fusion-layout-column fusion_builder_column fusion_builder_column_1_3 fusion-builder-column-6 fusion-one-third fusion-column-last bloc-hebergement fusion-column-inner-bg-wrapper 1_3\"  style='margin-top:0px;margin-bottom:20px;width:33.33%;width:calc(33.33% - ( ( 4% + 4% ) * 0.3333 ) );'><div class=\"fusion-column-wrapper\" style=\"padding: 0px 0px 0px 0px;\"  data-bg-url=\"\"><style type=\"text\/css\">@media only screen and (max-width:900px) {.fusion-title.fusion-title-4{margin-top:10px!important;margin-bottom:10px!important;}}<\/style><div class=\"fusion-title title fusion-title-4 fusion-sep-none fusion-title-center fusion-title-text fusion-title-size-two\" style=\"margin-top:0px;margin-bottom:31px;\"><h2 class=\"title-heading-center\" style=\"margin:0;\">Our pitches<\/h2><\/div><div class=\"imageframe-align-center\"><span class=\"fusion-imageframe imageframe-none imageframe-7 hover-type-none\"><img loading=\"lazy\" decoding=\"async\" src=\"https:\/\/www.campingleclos.com\/wp-content\/uploads\/accueil-emplacements03.jpg\" width=\"570\" height=\"381\" alt=\"Our camp-site pitches\" title=\"Our camp-site pitches\" class=\"img-responsive wp-image-825\" srcset=\"https:\/\/www.campingleclos.com\/wp-content\/uploads\/accueil-emplacements03-200x134.jpg 200w, https:\/\/www.campingleclos.com\/wp-content\/uploads\/accueil-emplacements03-400x267.jpg 400w, https:\/\/www.campingleclos.com\/wp-content\/uploads\/accueil-emplacements03.jpg 570w\" sizes=\"auto, (max-width: 900px) 100vw, 400px\" \/><\/span><\/div><div class=\"fusion-text\"><p style=\"text-align: center;\">Our pitches are leveled and on a shaded location and are at least 100sq.m. (1080 square feet).<\/p>\n<\/div><div class=\"fusion-clearfix\"><\/div><\/div><span class=\"fusion-column-inner-bg hover-type-none\" ><a href=\"\/en\/pitches\/\" aria-label=\"\"><span class=\"fusion-column-inner-bg-image\"  style=\"background-position:left top;background-repeat:no-repeat;-webkit-background-size:cover;-moz-background-size:cover;-o-background-size:cover;background-size:cover;\"><\/span><\/a><\/span><\/div><\/div><\/div><\/p>\n","protected":false},"excerpt":{"rendered":"","protected":false},"author":1,"featured_media":0,"parent":0,"menu_order":0,"comment_status":"closed","ping_status":"closed","template":"100-width.php","meta":{"footnotes":""},"class_list":["post-549","page","type-page","status-publish","hentry"],"_links":{"self":[{"href":"https:\/\/www.campingleclos.com\/en\/wp-json\/wp\/v2\/pages\/549","targetHints":{"allow":["GET"]}}],"collection":[{"href":"https:\/\/www.campingleclos.com\/en\/wp-json\/wp\/v2\/pages"}],"about":[{"href":"https:\/\/www.campingleclos.com\/en\/wp-json\/wp\/v2\/types\/page"}],"author":[{"embeddable":true,"href":"https:\/\/www.campingleclos.com\/en\/wp-json\/wp\/v2\/users\/1"}],"replies":[{"embeddable":true,"href":"https:\/\/www.campingleclos.com\/en\/wp-json\/wp\/v2\/comments?post=549"}],"version-history":[{"count":14,"href":"https:\/\/www.campingleclos.com\/en\/wp-json\/wp\/v2\/pages\/549\/revisions"}],"predecessor-version":[{"id":1101,"href":"https:\/\/www.campingleclos.com\/en\/wp-json\/wp\/v2\/pages\/549\/revisions\/1101"}],"wp:attachment":[{"href":"https:\/\/www.campingleclos.com\/en\/wp-json\/wp\/v2\/media?parent=549"}],"curies":[{"name":"wp","href":"https:\/\/api.w.org\/{rel}","templated":true}]}}